{"id":536,"date":"2023-09-18T09:58:01","date_gmt":"2023-09-18T09:58:01","guid":{"rendered":"https:\/\/nyirlategy.hu\/?page_id=536"},"modified":"2023-09-21T08:50:51","modified_gmt":"2023-09-21T08:50:51","slug":"bemutatkozas","status":"publish","type":"page","link":"https:\/\/nyirlategy.hu\/","title":{"rendered":"Bemutatkoz\u00e1s"},"content":{"rendered":"\n<p class=\"has-text-align-left\"> <img loading=\"lazy\" decoding=\"async\" style=\"float: left; margin: 3px 12px 3px 0px; border: 1px solid #000000;\" src=\"https:\/\/nyirlategy.hu\/wp-content\/uploads\/2023\/09\/fooldal_nyirlategy_bemutatkozas.jpg\" alt=\"Image\" width=\"400\" height=\"327\">  Egyes\u00fclet\u00fcnk 2004 december\u00e9ben alakult a Magyar Vakok \u00e9s Gyeng\u00e9nl\u00e1t\u00f3k Orsz\u00e1gos sz\u00f6vets\u00e9ge Szabolcs-Szatm\u00e1r-Bereg megyei tagszervezete ut\u00f3djak\u00e9nt.<br>Munk\u00e1nkat az egyes\u00fclet alapszab\u00e1lya szerint valamint a vonatkoz\u00f3 t\u00f6rv\u00e9nyeknek megfelel\u0151en v\u00e9gezz\u00fck.<br>Legf\u0151bb feladatunk a megy\u00e9ben \u00e9l\u0151 l\u00e1t\u00e1ss\u00e9r\u00fclt emberek \u00e9rdekk\u00e9pviselete, \u00e9rdek\u00e9rv\u00e9nyes\u00edt\u00e9s\u00fck el\u0151seg\u00edt\u00e9se, \u00e9rdekv\u00e9delm\u00fck. Fontos feladatunknak tekintj\u00fck m\u00e9g sz\u00e1mukra megfelel\u0151 \u00e9letvitel biztos\u00edt\u00e1s\u00e1t, az es\u00e9lyegyenl\u0151s\u00e9g megteremt\u00e9s\u00e9t, mindennapi neh\u00e9zs\u00e9geik megold\u00e1s\u00e1t. Szabadid\u0151s \u00e9s kultur\u00e1lis programokat is szervez\u00fcnk sz\u00e1mukra, valamint seg\u00edtj\u00fck \u0151ket a tanul\u00e1sban, elhelyezked\u00e9sben, munkahely\u00fck megtart\u00e1s\u00e1ban.<br>Az egyes\u00fclet legf\u0151bb szerve a k\u00f6zgy\u0171l\u00e9s, amely \u00e9vente k\u00e9tszer \u00fcl\u00e9sezik. A k\u00e9t k\u00f6zgy\u0171l\u00e9s k\u00f6z\u00f6tt az 5 tag\u00fa eln\u00f6ks\u00e9g ir\u00e1ny\u00edtja a szervezetet, ami k\u00e9thavonta \u00fcl\u00e9sezik. A fontosabb k\u00e9rd\u00e9sekben hat\u00e1rozatokat hoz \u00e9s ezek megval\u00f3s\u00edt\u00e1s\u00e1t ellen\u0151rzi. \u00c9l\u00e9n az eln\u00f6k \u00e1ll, aki az egyes\u00fclet k\u00e9pviselet\u00e9re jogosult, valamint ir\u00e1ny\u00edtja az operat\u00edv munk\u00e1t. Az operat\u00edv munk\u00e1ban az eln\u00f6k seg\u00edts\u00e9g\u00e9re van egy f\u0151 irodavezet\u0151.<\/p>\n\n\n\n<figure class=\"wp-block-image size-full\"><img loading=\"lazy\" decoding=\"async\" width=\"900\" height=\"672\" src=\"https:\/\/nyirlategy.hu\/wp-content\/uploads\/2023\/09\/nemzeti_egyuttmukodesi_alap-1.jpg\" alt=\"\" class=\"wp-image-619\" srcset=\"https:\/\/nyirlategy.hu\/wp-content\/uploads\/2023\/09\/nemzeti_egyuttmukodesi_alap-1.jpg 900w, https:\/\/nyirlategy.hu\/wp-content\/uploads\/2023\/09\/nemzeti_egyuttmukodesi_alap-1-300x224.jpg 300w, https:\/\/nyirlategy.hu\/wp-content\/uploads\/2023\/09\/nemzeti_egyuttmukodesi_alap-1-768x573.jpg 768w\" sizes=\"auto, (max-width: 900px) 100vw, 900px\" \/><\/figure>\n","protected":false},"excerpt":{"rendered":"<p>Egyes\u00fclet\u00fcnk 2004 december\u00e9ben alakult a Magyar Vakok \u00e9s Gyeng\u00e9nl\u00e1t\u00f3k Orsz\u00e1gos sz\u00f6vets\u00e9ge Szabolcs-Szatm\u00e1r-Bereg megyei tagszervezete ut\u00f3djak\u00e9nt.Munk\u00e1nkat az egyes\u00fclet alapszab\u00e1lya szerint valamint a vonatkoz\u00f3 t\u00f6rv\u00e9nyeknek megfelel\u0151en v\u00e9gezz\u00fck.Legf\u0151bb feladatunk a megy\u00e9ben \u00e9l\u0151 l\u00e1t\u00e1ss\u00e9r\u00fclt emberek \u00e9rdekk\u00e9pviselete, \u00e9rdek\u00e9rv\u00e9nyes\u00edt\u00e9s\u00fck el\u0151seg\u00edt\u00e9se, \u00e9rdekv\u00e9delm\u00fck. Fontos feladatunknak tekintj\u00fck m\u00e9g sz\u00e1mukra megfelel\u0151 \u00e9letvitel biztos\u00edt\u00e1s\u00e1t, az es\u00e9lyegyenl\u0151s\u00e9g megteremt\u00e9s\u00e9t, mindennapi neh\u00e9zs\u00e9geik megold\u00e1s\u00e1t. Szabadid\u0151s \u00e9s kultur\u00e1lis programokat is szervez\u00fcnk&#8230;<\/p>\n","protected":false},"author":1,"featured_media":0,"parent":0,"menu_order":0,"comment_status":"closed","ping_status":"closed","template":"","meta":{"footnotes":""},"class_list":["post-536","page","type-page","status-publish","hentry"],"_links":{"self":[{"href":"https:\/\/nyirlategy.hu\/index.php\/wp-json\/wp\/v2\/pages\/536","targetHints":{"allow":["GET"]}}],"collection":[{"href":"https:\/\/nyirlategy.hu\/index.php\/wp-json\/wp\/v2\/pages"}],"about":[{"href":"https:\/\/nyirlategy.hu\/index.php\/wp-json\/wp\/v2\/types\/page"}],"author":[{"embeddable":true,"href":"https:\/\/nyirlategy.hu\/index.php\/wp-json\/wp\/v2\/users\/1"}],"replies":[{"embeddable":true,"href":"https:\/\/nyirlategy.hu\/index.php\/wp-json\/wp\/v2\/comments?post=536"}],"version-history":[{"count":10,"href":"https:\/\/nyirlategy.hu\/index.php\/wp-json\/wp\/v2\/pages\/536\/revisions"}],"predecessor-version":[{"id":620,"href":"https:\/\/nyirlategy.hu\/index.php\/wp-json\/wp\/v2\/pages\/536\/revisions\/620"}],"wp:attachment":[{"href":"https:\/\/nyirlategy.hu\/index.php\/wp-json\/wp\/v2\/media?parent=536"}],"curies":[{"name":"wp","href":"https:\/\/api.w.org\/{rel}","templated":true}]}}