{"id":547,"date":"2023-09-18T13:19:47","date_gmt":"2023-09-18T13:19:47","guid":{"rendered":"https:\/\/nyirlategy.hu\/?page_id=547"},"modified":"2023-09-18T13:19:47","modified_gmt":"2023-09-18T13:19:47","slug":"egyenlo-banasmod-hatosag","status":"publish","type":"page","link":"https:\/\/nyirlategy.hu\/index.php\/egyenlo-banasmod-hatosag\/","title":{"rendered":"Egyenl\u0151 B\u00e1n\u00e1sm\u00f3d Hat\u00f3s\u00e1g"},"content":{"rendered":"\n<p>Az egyenl\u0151 b\u00e1n\u00e1sm\u00f3d k\u00f6vetelm\u00e9ny\u00e9nek megs\u00e9rt\u00e9se eset\u00e9n a jogaiban s\u00e9rtett f\u00e9l k\u00e9relm\u00e9re, vagy a t\u00f6rv\u00e9nyben meghat\u00e1rozott esetekben hivatalb\u00f3l lefolytatja a hat\u00f3s\u00e1gi elj\u00e1r\u00e1st annak meg\u00e1llap\u00edt\u00e1sa \u00e9rdek\u00e9ben, hogy t\u00f6rt\u00e9nt-e h\u00e1tr\u00e1nyos megk\u00fcl\u00f6nb\u00f6ztet\u00e9s.<\/p>\n\n\n\n<p>K\u00e9relem alapj\u00e1n vizsg\u00e1latot folytat, hogy az arra k\u00f6telezett munk\u00e1ltat\u00f3k elfogadtak-e es\u00e9lyegyenl\u0151s\u00e9gi tervet. Ha az arra k\u00f6telezett munk\u00e1ltat\u00f3 (az \u00f6tven f\u0151n\u00e9l t\u00f6bb szem\u00e9lyt foglalkoztat\u00f3 k\u00f6lts\u00e9gvet\u00e9si szervek \u00e9s a t\u00f6bbs\u00e9gi \u00e1llami tulajdonban l\u00e9v\u0151 gazdas\u00e1gi t\u00e1rsas\u00e1gok) elmulasztotta az es\u00e9lyegyenl\u0151s\u00e9gi terv elfogad\u00e1s\u00e1t, a hat\u00f3s\u00e1g felsz\u00f3l\u00edtja a mulaszt\u00e1s p\u00f3tl\u00e1s\u00e1ra \u00e9s szankci\u00f3val s\u00fajthatja.<br><br>K\u00f6z\u00e9rdek\u0171 ig\u00e9ny\u00e9rv\u00e9nyes\u00edt\u00e9s joga alapj\u00e1n pert ind\u00edthat a jogaiban s\u00e9rtett szem\u00e9lyek \u00e9s csoportok v\u00e9delm\u00e9ben. 2007. janu\u00e1r 1.-j\u00e9t\u0151l a hat\u00f3s\u00e1g el\u0151tt a t\u00e1rsadalmi \u00e9s \u00e9rdek-k\u00e9pviseleti szervezetek k\u00f6z\u00e9rdek\u0171 ig\u00e9nyt \u00e9rv\u00e9nyes\u00edthet.<br><br>A hat\u00f3s\u00e1g tov\u00e1bb\u00e1 v\u00e9lem\u00e9nyezi az egyenl\u0151 b\u00e1n\u00e1sm\u00f3dot \u00e9rint\u0151 jogszab\u00e1lyok, az \u00e1llami ir\u00e1ny\u00edt\u00e1s egy\u00e9b jogi eszk\u00f6zei \u00e9s jelent\u00e9se tervezeteit, javaslatot tesz korm\u00e1nyzati d\u00f6nt\u00e9sekre, jogi szab\u00e1lyoz\u00e1sra. Rendszeresen t\u00e1j\u00e9koztatja a k\u00f6zv\u00e9lem\u00e9nyt \u00e9s a Korm\u00e1nyt az egyenl\u0151 b\u00e1n\u00e1sm\u00f3d \u00e9rv\u00e9nyes\u00fcl\u00e9s\u00e9vel kapcsolatos helyzetr\u0151l, t\u00e1j\u00e9koztatja az \u00e9rintetteket az ig\u00e9ny\u00e9rv\u00e9nyes\u00edt\u00e9s lehet\u0151s\u00e9geir\u0151l. K\u00f6zrem\u0171k\u00f6dik azoknak a jelent\u00e9seknek az elk\u00e9sz\u00edt\u00e9s\u00e9ben, melyeket az egyenl\u0151 b\u00e1n\u00e1sm\u00f3d hazai \u00e9rv\u00e9nyes\u00fcl\u00e9s\u00e9vel kapcsolatban nemzetk\u00f6zi szervezetek r\u00e9sz\u00e9re kell megk\u00fcldeni.<br><br>Feladatai ell\u00e1t\u00e1sa sor\u00e1n egy\u00fcttm\u0171k\u00f6dik az Egyenl\u0151 B\u00e1n\u00e1sm\u00f3d Tan\u00e1csad\u00f3 Test\u00fclettel, az \u00e9rintett t\u00e1rsadalmi \u00e9s \u00e9rdek-k\u00e9pviseleti szervekkel, valamint az \u00e1llami szervekkel.<br><br><strong>A Tan\u00e1csad\u00f3 Test\u00fcletr\u0151l<\/strong><br>A Test\u00fclet 6 f\u0151b\u0151l \u00e1ll, akiket az igazs\u00e1g\u00fcgyi \u00e9s rend\u00e9szeti miniszter \u00e9s a t\u00e1rsadalmi es\u00e9lyegyenl\u0151s\u00e9g el\u0151mozd\u00edt\u00e1s\u00e1\u00e9rt felel\u0151s miniszter javaslat\u00e1ra e tiszts\u00e9gre a minisztereln\u00f6k k\u00e9r fel. A javaslatt\u00e9telt megel\u0151zi az emberi jogok \u00e9s az egyenl\u0151 b\u00e1n\u00e1sm\u00f3d \u00e9rv\u00e9nyes\u00edt\u00e9se ter\u00fclet\u00e9n m\u0171k\u00f6d\u0151 t\u00e1rsadalmi \u00e9s civil szervezetekkel val\u00f3 konzult\u00e1ci\u00f3. A Test\u00fclet v\u00e9lem\u00e9nyezi mindazokat a jogszab\u00e1lyokat, el\u0151terjeszt\u00e9seket, amelyek az egyenl\u0151 b\u00e1n\u00e1sm\u00f3d \u00e9rv\u00e9nyes\u00fcl\u00e9s\u00e9vel kapcsolatosak, javaslatot tehet jogszab\u00e1lyok megalkot\u00e1s\u00e1ra vagy m\u00f3dos\u00edt\u00e1s\u00e1ra, jelent\u0151s szerepe van a k\u00f6zv\u00e9lem\u00e9ny t\u00e1j\u00e9koztat\u00e1s\u00e1ban. Egyet\u00e9rt\u00e9se sz\u00fcks\u00e9ges a hat\u00f3s\u00e1g \u00e1ltal nemzetk\u00f6zi szervezeteknek k\u00e9sz\u00fcl\u0151 jelent\u00e9sek elfogad\u00e1s\u00e1hoz.<br><br><strong>Mikor s\u00e9r\u00fcl az egyenl\u0151 b\u00e1n\u00e1sm\u00f3d k\u00f6vetelm\u00e9nye?<br>Mikor besz\u00e9l\u00fcnk k\u00f6zvetlen h\u00e1tr\u00e1nyos megk\u00fcl\u00f6nb\u00f6ztet\u00e9sr\u0151l?<\/strong><br>Ha valakit, vagy valamely csoportot az egyenl\u0151 b\u00e1n\u00e1sm\u00f3dr\u00f3l \u00e9s az es\u00e9lyegyenl\u0151s\u00e9g el\u0151mozd\u00edt\u00e1s\u00e1r\u00f3l sz\u00f3l\u00f3 2003. \u00e9vi CXXV. t\u00f6rv\u00e9nyben felsorolt tulajdons\u00e1gai miatt kedvez\u0151tlenebb b\u00e1n\u00e1sm\u00f3dban r\u00e9szes\u00edtenek, mint amelyben m\u00e1s, \u00f6sszehasonl\u00edthat\u00f3 helyzetben l\u00e9v\u0151 szem\u00e9ly vagy csoport r\u00e9szes\u00fcl, r\u00e9szes\u00fclt vagy r\u00e9szes\u00fclne. A t\u00f6rv\u00e9ny 20 olyan tulajdons\u00e1got sorol fel, melyek az egy\u00e9b felt\u00e9telek megl\u00e9te eset\u00e9n megalapozhatj\u00e1k a hat\u00f3s\u00e1g elj\u00e1r\u00e1s\u00e1t.<br><br><strong>Ezek a v\u00e9dett tulajdons\u00e1gok:<\/strong><br>nem, faji hovatartoz\u00e1s, b\u0151rsz\u00edn, nemzetis\u00e9g, nemzeti, vagy etnikai kisebbs\u00e9ghez val\u00f3 tartoz\u00e1s, anyanyelv, fogyat\u00e9koss\u00e1g, eg\u00e9szs\u00e9gi \u00e1llapot, vall\u00e1si vagy vil\u00e1gn\u00e9zeti meggy\u0151z\u0151d\u00e9s, politikai vagy m\u00e1s v\u00e9lem\u00e9ny, csal\u00e1di \u00e1llapot, anyas\u00e1g (terhess\u00e9g)vagy apas\u00e1g, szexu\u00e1lis ir\u00e1nyults\u00e1g, nemi identit\u00e1s, \u00e9letkor, t\u00e1rsadalmi sz\u00e1rmaz\u00e1s, vagyoni helyzet, foglalkoztat\u00e1si jogviszony\u00e1nak vagy munkav\u00e9gz\u00e9sre ir\u00e1nyul\u00f3 egy\u00e9b jogviszony\u00e1nak r\u00e9szmunkaid\u0151s jellege, illetve hat\u00e1rozott id\u0151tartama, \u00e9rdekk\u00e9pviselethez val\u00f3 tartoz\u00e1sa, egy\u00e9b helyzete, tulajdons\u00e1ga vagy jellemz\u0151je.<br><br><strong>Mikor besz\u00e9l\u00fcnk k\u00f6zvetett h\u00e1tr\u00e1nyos megk\u00fcl\u00f6nb\u00f6ztet\u00e9sr\u0151l?<\/strong><br>Ilyen megk\u00fcl\u00f6nb\u00f6ztet\u00e9snek min\u0151s\u00fcl, ha valamely int\u00e9zked\u00e9s l\u00e1tsz\u00f3lag semleges, teh\u00e1t megfelel az egyenl\u0151 b\u00e1n\u00e1sm\u00f3d k\u00f6vetelm\u00e9ny\u00e9nek, de a fenti tulajdons\u00e1gokkal rendelkez\u0151 szem\u00e9lyt vagy csoportot l\u00e9nyegesen nagyobb ar\u00e1nyban hoz h\u00e1tr\u00e1nyos helyzetbe, mint amelyben m\u00e1s, \u00f6sszehasonl\u00edthat\u00f3 helyzetben lev\u0151 szem\u00e9ly, vagy csoport volt, van, vagy lenne.<br><br><strong>Mi a zaklat\u00e1s?<\/strong><br>Zaklat\u00e1snak min\u0151s\u00fcl az az emberi m\u00e9lt\u00f3s\u00e1got s\u00e9rt\u0151, szexu\u00e1lis vagy egy\u00e9b term\u00e9szet\u0171 magatart\u00e1s, amely az \u00e9rintett szem\u00e9lynek a v\u00e9dett tulajdons\u00e1g\u00e1val f\u00fcgg \u00f6ssze, \u00e9s c\u00e9lja vagy hat\u00e1sa valamely szem\u00e9llyel szemben megf\u00e9leml\u00edt\u0151, ellens\u00e9ges, megal\u00e1z\u00f3, megsz\u00e9gyen\u00edt\u0151 vagy t\u00e1mad\u00f3 k\u00f6rnyezet kialak\u00edt\u00e1sa.<br><br><strong>Mi a jogellenes elk\u00fcl\u00f6n\u00edt\u00e9s?<\/strong><br>Amikor valamely rendelkez\u00e9ssel a fenti tulajdons\u00e1gai alapj\u00e1n egyes szem\u00e9lyeket, vagy szem\u00e9lyek csoportj\u00e1t a vel\u00fck \u00f6sszehasonl\u00edthat\u00f3 helyzetben l\u00e9v\u0151 szem\u00e9lyekt\u0151l vagy szem\u00e9lyek csoportj\u00e1t\u00f3l &#8211; an\u00e9lk\u00fcl, hogy azt t\u00f6rv\u00e9ny kifejezetten megengedn\u00e9 -, elk\u00fcl\u00f6n\u00edtenek. Leggyakrabban haz\u00e1nkban a cig\u00e1ny tanul\u00f3k elk\u00fcl\u00f6n\u00edtett oktat\u00e1sa val\u00f3s\u00edt meg jogellenes elk\u00fcl\u00f6n\u00edt\u00e9st, de term\u00e9szetesen m\u00e1s v\u00e9dett tulajdons\u00e1ggal rendelkez\u0151k k\u00fcl\u00f6nb\u00f6z\u0151 \u00e9lethelyzetekben t\u00f6rt\u00e9n\u0151 jogellenes elk\u00fcl\u00f6n\u00edt\u00e9se is megval\u00f3s\u00edthatja ezt a magatart\u00e1st.<br><br><strong>Milyen cselekm\u00e9ny a megtorl\u00e1s?<\/strong><br>A megtorl\u00e1s az egyenl\u0151 b\u00e1n\u00e1sm\u00f3d megs\u00e9rt\u00e9se miatt fell\u00e9p\u0151, elj\u00e1r\u00e1st ind\u00edt\u00f3 vagy abban k\u00f6zrem\u0171k\u00f6d\u0151 szem\u00e9lynek (pl. a k\u00e9relmez\u0151nek vagy a tan\u00fanak) jogs\u00e9relem okoz\u00e1sa vagy ezzel val\u00f3 fenyeget\u00e9s<br><br>A t\u00f6rv\u00e9ny k\u00fcl\u00f6n kiemeli azokat a ter\u00fcleteket, ahol a leggyakrabban el\u0151fordul az egyenl\u0151 b\u00e1n\u00e1sm\u00f3d megs\u00e9rt\u00e9se, \u00edgy a foglalkoztat\u00e1s, lakhat\u00e1s, szoci\u00e1lis \u00e9s eg\u00e9szs\u00e9g\u00fcgyi ell\u00e1t\u00e1s, oktat\u00e1s, k\u00e9pz\u00e9s, \u00e1ruk \u00e9s szolg\u00e1ltat\u00e1sok ig\u00e9nybe v\u00e9tele.<br><br>A biztos\u00edt\u00e1si szolg\u00e1ltat\u00e1sokkal kapcsolatos \u00faj rendelkez\u00e9s szerint nem \u00fctk\u00f6zik a nemek k\u00f6z\u00f6tti h\u00e1tr\u00e1nyos megk\u00fcl\u00f6nb\u00f6ztet\u00e9s tilalm\u00e1ba, ha a szolg\u00e1ltat\u00e1s d\u00edj\u00e1nak meghat\u00e1roz\u00e1sakor relev\u00e1ns \u00e9s pontos biztos\u00edt\u00e1smatematikai \u00e9s statisztikai adatokkal t\u00e1masztj\u00e1k al\u00e1, hogy a d\u00edj \u00f6sszeg\u00e9ben \u00e9s a szolg\u00e1ltat\u00e1s ny\u00fajt\u00e1s\u00e1ban a nemi hovatartoz\u00e1s t\u00e9nyez\u0151je a kock\u00e1zatelemz\u00e9sben meghat\u00e1roz\u00f3. Fontos azonban tudni, hogy a terhess\u00e9ggel \u00e9s az anyas\u00e1ggal kapcsolatos k\u00f6lts\u00e9gekre tekintettel tett k\u00fcl\u00f6nbs\u00e9gt\u00e9tel ebben az esetben is s\u00e9rti az egyenl\u0151 b\u00e1n\u00e1sm\u00f3d k\u00f6vetelm\u00e9ny\u00e9t.<br><br><strong>Kik \u00e9s kivel szemben kezdem\u00e9nyezhetik a hat\u00f3s\u00e1g elj\u00e1r\u00e1s\u00e1t?<br>Ki a kezdem\u00e9nyez\u0151?<\/strong><br>F\u0151szab\u00e1lyk\u00e9nt a s\u00e9relmet szenvedett term\u00e9szetes vagy jogi szem\u00e9ly, jogi szem\u00e9lyis\u00e9g n\u00e9lk\u00fcli szervezet a hat\u00f3s\u00e1ghoz int\u00e9zett k\u00e9relemmel, de az elj\u00e1r\u00e1st kezdem\u00e9nyezheti az orsz\u00e1ggy\u0171l\u00e9si biztos vagy az \u00fcgy\u00e9sz is.<br>A t\u00e1rsadalmi \u00e9s \u00e9rdek-k\u00e9pviseleti szervezet egyes v\u00e9dett tulajdons\u00e1ggal rendelkez\u0151, (pl. vall\u00e1si meggy\u0151z\u0151d\u00e9s, fogyat\u00e9koss\u00e1g, szexu\u00e1lis ir\u00e1nyults\u00e1g, faji vagy etnikai kisebbs\u00e9ghez val\u00f3 tartoz\u00e1s) nagyobb csoport \u00e9rdek\u00e9ben (pl. szakszervezet a tagjai \u00e9rdek\u00e9ben) jogs\u00e9rt\u00e9s, vagy annak k\u00f6zvetlen vesz\u00e9lye eset\u00e9n a hat\u00f3s\u00e1g el\u0151tt elj\u00e1r\u00e1st ind\u00edthat (k\u00f6z\u00e9rdek\u0171 ig\u00e9ny\u00e9rv\u00e9nyes\u00edt\u00e9s).<br><br><strong>Hivatalb\u00f3l is elj\u00e1rhat a hat\u00f3s\u00e1g, ha \u00e9szleli az egyenl\u0151 b\u00e1n\u00e1sm\u00f3d k\u00f6vetelm\u00e9ny\u00e9nek megs\u00e9rt\u00e9s\u00e9t:<\/strong><br>\u0095a magyar \u00e1llam,<br>\u0095helyi \u00e9s kisebbs\u00e9gi \u00f6nkorm\u00e1nyzatok, ezek szervei,<br>\u0095hat\u00f3s\u00e1gi jogk\u00f6rt gyakorl\u00f3 szervezetek,<br>\u0095a fegyveres er\u0151k \u00e9s a rendv\u00e9delmi szervek ellen.<\/p>\n\n\n\n<p><br><strong>Kikkel szemben lehet elj\u00e1rni?<\/strong><br>A t\u00f6rv\u00e9ny felsorolja azokat a szervezeteket, melyek minden jogviszonyukban k\u00f6telesek megtartani az egyenl\u0151 b\u00e1n\u00e1sm\u00f3d k\u00f6vetelm\u00e9ny\u00e9t, \u00e9s aamelyekkel szemben az elj\u00e1r\u00e1st meg lehet ind\u00edtani.Ezek: \u00e1llami, \u00f6nkorm\u00e1nyzati szervezetek, a Magyar Honv\u00e9ds\u00e9g \u00e9s a rendv\u00e9delmi szervek, k\u00f6zszolg\u00e1ltat\u00f3k, oktat\u00e1si, szoci\u00e1lis, gyermekv\u00e9delmi, m\u0171vel\u0151d\u00e9si, eg\u00e9szs\u00e9g\u00fcgyi szolg\u00e1ltat\u00e1st ny\u00fajt\u00f3 int\u00e9zm\u00e9nyek, \u00f6nk\u00e9ntes biztos\u00edt\u00f3p\u00e9nzt\u00e1rak, mag\u00e1nnyugd\u00edj-p\u00e9nzt\u00e1rak, a p\u00e1rtok \u00e9s minden egy\u00e9b k\u00f6lts\u00e9gvet\u00e9si szerv.<br><br><strong>A felsoroltakon k\u00edv\u00fcl a mag\u00e1nszf\u00e9ra meghat\u00e1rozott jogviszonyai sor\u00e1n is \u00e9rv\u00e9nyes\u00fclnie kell az egyenl\u0151 elb\u00e1n\u00e1s k\u00f6vetelm\u00e9ny\u00e9nek, \u00edgy:<\/strong><br>\u0095foglalkoztat\u00e1si jogviszonyban a munk\u00e1ltat\u00f3,<br>\u0095az \u00e1llami t\u00e1mogat\u00e1s felhaszn\u00e1l\u00e1sa sor\u00e1n a t\u00e1mogat\u00e1sban r\u00e9szes\u00fcl\u0151 egy\u00e9ni \u00e9s t\u00e1rsas v\u00e1llalkoz\u00e1sok,<br>\u0095nyilv\u00e1nos \u00fczleti forgalmat bonyol\u00edt\u00f3 \u00e1ruforgalmaz\u00f3k vagy szolg\u00e1ltat\u00f3k,<br>\u0095el\u0151re meg nem hat\u00e1rozott szem\u00e9lyek sz\u00e1m\u00e1ra szerz\u0151d\u00e9sk\u00f6t\u00e9sre aj\u00e1nlatot tev\u0151 vagy aj\u00e1nlatot k\u00e9r\u0151 szem\u00e9ly az adott jogviszony tekintet\u00e9ben.<br>Kiv\u00e9telt k\u00e9peznek: a csal\u00e1djogi, hozz\u00e1tartoz\u00f3k k\u00f6z\u00f6tti, egyh\u00e1zi jogi szem\u00e9lyek hit\u00e9leti tev\u00e9kenys\u00e9ggel k\u00f6zvetlen\u00fcl \u00f6sszef\u00fcgg\u0151 jogviszonyai, t\u00e1rsadalmi szervezetek, jogi szem\u00e9lyek \u00e9s m\u00e1s szervezetek tagjai k\u00f6z\u00f6tti, a tags\u00e1ggal \u00f6sszef\u00fcgg\u0151 jogviszonyok, mert ezekben a hat\u00f3s\u00e1g nem j\u00e1rhat el.<br><br>Fontos tudni azt is, hogy a hat\u00f3s\u00e1g nem vizsg\u00e1lhatja az Orsz\u00e1ggy\u0171l\u00e9s, a k\u00f6zt\u00e1rsas\u00e1gi eln\u00f6k, az Alkotm\u00e1nyb\u00edr\u00f3s\u00e1g, az \u00c1llami Sz\u00e1mvev\u0151sz\u00e9k, az orsz\u00e1ggy\u0171l\u00e9si biztos, valamint a b\u00edr\u00f3s\u00e1gok \u00e9s az \u00fcgy\u00e9szs\u00e9g k\u00f6zhatalmi d\u00f6nt\u00e9seit \u00e9s int\u00e9zked\u00e9seit.<br><br><strong>Mit kell tartalmaznia a k\u00e9relemnek?<\/strong><br>A t\u00f6rv\u00e9ny meghat\u00e1rozza, hogy a hat\u00f3s\u00e1g el\u0151tti elj\u00e1r\u00e1sban melyik f\u00e9lnek mit kell bizony\u00edtania.<br>A s\u00e9relmet szenvedett f\u00e9lnek a hat\u00f3s\u00e1gn\u00e1l \u00edr\u00e1sban beny\u00fajtott vagy jegyz\u0151k\u00f6nyvbe mondott k\u00e9relm\u00e9ben val\u00f3sz\u00edn\u0171s\u00edtenie kell, hogy \u0151t h\u00e1tr\u00e1ny \u00e9rte, milyen jogviszonyban \u00e9s azt, hogy t\u00e9nylegesen, vagy a jogs\u00e9rt\u0151 felt\u00e9telez\u00e9se szerint rendelkezik a t\u00f6rv\u00e9nyben felsorolt valamely tulajdons\u00e1ggal, teh\u00e1t az \u00e1ltala megjel\u00f6lt h\u00e1tr\u00e1nyos megk\u00fcl\u00f6nb\u00f6ztet\u00e9s, vagy az egyenl\u0151 b\u00e1n\u00e1sm\u00f3d megs\u00e9rt\u00e9s\u00e9t jelent\u0151 magatart\u00e1s valamely megl\u00e9v\u0151, vagy a jogs\u00e9rt\u0151 \u00e1ltal felt\u00e9telezett tulajdons\u00e1ga miatt k\u00f6vetkezett be. (P\u00e9ld\u00e1ul: h\u00e1tr\u00e1ny, hogy nem engedt\u00e9k be egy nyilv\u00e1nos rendezv\u00e9nyre, m\u00e9gpedig fogyat\u00e9koss\u00e1ga, roma sz\u00e1rmaz\u00e1sa, \u00e9letkora vagy m\u00e1s tulajdons\u00e1ga miatt.)<br><br>A k\u00f6z\u00e9rdek\u0171 ig\u00e9ny\u00e9rv\u00e9nyes\u00edt\u00e9s eset\u00e9n &#8211; ha a h\u00e1tr\u00e1ny m\u00e9g nem k\u00f6vetkezett be &#8211; azt kell val\u00f3sz\u00edn\u0171s\u00edteni, hogy a h\u00e1tr\u00e1ny k\u00f6zvetlen vesz\u00e9lye fenyeget. A t\u00e9ny\u00e1ll\u00e1s meg\u00e1llap\u00edt\u00e1sa \u00e9rdek\u00e9ben a k\u00e9relmez\u0151 megjel\u00f6li, illetve csatolja a rendelkez\u00e9s\u00e9re \u00e1ll\u00f3 bizony\u00edt\u00e9kokat (tan\u00fa, okiratok, m\u00e1s dokumentumok).<br><br>A hat\u00f3s\u00e1gi elj\u00e1r\u00e1s sor\u00e1n az elj\u00e1r\u00e1s al\u00e1 vont szem\u00e9lynek, szervezetnek kell bizony\u00edtania, hogy<br>a) a jogs\u00e9relmet szenvedett f\u00e9l vagy a k\u00f6z\u00e9rdek\u0171 ig\u00e9ny\u00e9rv\u00e9nyes\u00edt\u00e9sre jogosult \u00e1ltal val\u00f3sz\u00edn\u0171s\u00edtett k\u00f6r\u00fclm\u00e9nyek nem \u00e1llnak fenn,<br>b) az egyenl\u0151 b\u00e1n\u00e1sm\u00f3d k\u00f6vetelm\u00e9ny\u00e9t megtartotta, illetve az adott jogviszony tekintet\u00e9ben nem volt k\u00f6teles megtartani.<br><br>Ha az elj\u00e1r\u00e1s al\u00e1 vont szem\u00e9ly, szervezet foglalkoztat\u00f3nak min\u0151s\u00fcl, szigor\u00fabb kiment\u00e9si szab\u00e1lyok \u00e9rv\u00e9nyes\u00fclnek. \u00cdgy nem jelenti az egyenl\u0151 b\u00e1n\u00e1sm\u00f3d k\u00f6vetelm\u00e9ny\u00e9nek megs\u00e9rt\u00e9s\u00e9t<br>a) a munka jellege vagy term\u00e9szete alapj\u00e1n indokolt, az alkalmaz\u00e1sn\u00e1l sz\u00e1mba vehet\u0151 minden l\u00e9nyeges \u00e9s jogszer\u0171 felt\u00e9telre alap\u00edtott ar\u00e1nyos megk\u00fcl\u00f6nb\u00f6ztet\u00e9s,<br>b) a vall\u00e1si vagy m\u00e1s vil\u00e1gn\u00e9zeti meggy\u0151z\u0151d\u00e9sen, illetve nemzeti vagy etnikai hovatartoz\u00e1son alapul\u00f3, a szervezet jelleg\u00e9t alapvet\u0151en meghat\u00e1roz\u00f3 szellemis\u00e9gb\u0151l k\u00f6zvetlen\u00fcl ad\u00f3d\u00f3, az adott foglalkoz\u00e1si tev\u00e9kenys\u00e9g tartalma vagy term\u00e9szete miatt indokolt, ar\u00e1nyos \u00e9s val\u00f3s foglalkoztat\u00e1si k\u00f6vetelm\u00e9nyen alapul\u00f3 megk\u00fcl\u00f6nb\u00f6ztet\u00e9s.<br><br>Az elj\u00e1r\u00e1s illet\u00e9kmentes.<\/p>\n\n\n\n<p><strong>Hogyan zajlik az elj\u00e1r\u00e1s?<\/strong><br>Ha a hat\u00f3s\u00e1g meg\u00e1llap\u00edtja hat\u00e1sk\u00f6r\u00e9t az \u00fcgyben, f\u0151szab\u00e1lyk\u00e9nt t\u00e1rgyal\u00e1s keret\u00e9ben tiszt\u00e1zza a t\u00e9ny\u00e1ll\u00e1st. A t\u00e1rgyal\u00e1st a k\u00e9relmez\u0151 lak\u00f3helye szerinti \u00f6nkorm\u00e1nyzatn\u00e1l tartja a hat\u00f3s\u00e1g, kiv\u00e9ve, ha maga az \u00f6nkorm\u00e1nyzat vagy int\u00e9zm\u00e9nye k\u00f6vette el a jogs\u00e9rt\u00e9st.<br><br>A t\u00e1rgyal\u00e1s mindazoknak a szem\u00e9lyes jelenl\u00e9t\u00e9ben t\u00f6rt\u00e9nik, akiknek nyilatkozata a hat\u00f3s\u00e1g szerint a t\u00e9ny\u00e1ll\u00e1s tiszt\u00e1z\u00e1s\u00e1hoz sz\u00fcks\u00e9ges, de m\u00f3d van arra is, hogy a k\u00e9relmez\u0151t k\u00fcl\u00f6n hallgassa meg a hat\u00f3s\u00e1g. Az \u00e9rintett szem\u00e9lyek (tan\u00fak) k\u00e9relm\u00e9re adataikat a hat\u00f3s\u00e1g z\u00e1rtan kezeli, ennek k\u00fcl\u00f6n\u00f6sen foglalkoztat\u00e1si diszkrimin\u00e1ci\u00f3 eset\u00e9n van jelent\u0151s\u00e9ge, amikor a tan\u00fak az elj\u00e1r\u00e1s al\u00e1 vont munk\u00e1ltat\u00f3 alkalmazottai. A t\u00e1rgyal\u00e1s f\u0151szab\u00e1ly szerint nyilv\u00e1nos, a hat\u00f3s\u00e1g azonban a nyilv\u00e1noss\u00e1got a t\u00e1rgyal\u00e1s eg\u00e9sz\u00e9r\u0151l vagy egy r\u00e9sz\u00e9r\u0151l kiz\u00e1rhatja, amennyiben az \u00e1llamtitok, szolg\u00e1lati titok, \u00fczleti titok vagy k\u00fcl\u00f6n t\u00f6rv\u00e9nyben meghat\u00e1rozott egy\u00e9b titok v\u00e9delme \u00e9rdek\u00e9ben sz\u00fcks\u00e9ges, tov\u00e1bb\u00e1 ha az a k\u00f6zerk\u00f6lcs vagy a f\u00e9l szem\u00e9lyhez f\u0171z\u0151d\u0151 jogainak v\u00e9delme \u00e9rdek\u00e9ben indokolt.<br><br><strong>Milyen d\u00f6nt\u00e9seket hozhat a Hat\u00f3s\u00e1g?<\/strong><br>Amennyiben az elj\u00e1r\u00e1s sor\u00e1n bebizonyosodik, hogy az egyenl\u0151 b\u00e1n\u00e1sm\u00f3d k\u00f6vetelm\u00e9ny\u00e9t megs\u00e9rtett\u00e9k, a hat\u00f3s\u00e1g:<br>\u0095elrendelheti a jogs\u00e9rt\u0151 \u00e1llapot megsz\u00fcntet\u00e9s\u00e9t,<br>\u0095megtilthatja a jogs\u00e9rt\u0151 magatart\u00e1s j\u00f6v\u0151beni tan\u00fas\u00edt\u00e1s\u00e1t,<br>\u0095nyilv\u00e1noss\u00e1gra hozhatja a jogs\u00e9rt\u00e9st meg\u00e1llap\u00edt\u00f3 hat\u00e1rozat\u00e1t,<br>\u009550 ezert\u0151l 6 milli\u00f3 forintig terjed\u0151 b\u00edrs\u00e1got szabhat ki,<br>\u0095d\u00f6nt az elj\u00e1r\u00e1si k\u00f6lts\u00e9gr\u0151l, melyet a jogs\u00e9rt\u0151 f\u00e9l k\u00f6teles viselni.<br>\u0095k\u00fcl\u00f6n t\u00f6rv\u00e9nyben meghat\u00e1rozott jogk\u00f6vetkezm\u00e9nyt alkalmazhat.<br>Amennyiben azt \u00e1llap\u00edtja meg, hogy az egyenl\u0151 b\u00e1n\u00e1sm\u00f3d k\u00f6vetelm\u00e9nye nem s\u00e9r\u00fclt, a k\u00e9relmet elutas\u00edtja, vagy az elj\u00e1r\u00e1st megsz\u00fcnteti, a k\u00e9relmez\u0151t rosszhiszem\u0171s\u00e9ge eset\u00e9n az elj\u00e1r\u00e1si k\u00f6lts\u00e9gek visel\u00e9s\u00e9ben elmarasztalja.<br><br>Amennyiben arra a felek hajland\u00f3s\u00e1got mutatnak \u00e9s az egy\u00e9b t\u00f6rv\u00e9nyi felt\u00e9telek is rendelkez\u00e9sre \u00e1llnak, a hat\u00f3s\u00e1g egyezs\u00e9get is j\u00f3v\u00e1hagyhat hat\u00e1rozat\u00e1val, melynek v\u00e9grehajt\u00e1sa ugyan\u00fagy k\u00e9nyszer\u00edthet\u0151 ki, mint a jogs\u00e9rt\u00e9st meg\u00e1llap\u00edt\u00f3 hat\u00e1rozatok\u00e9.<br><br><strong>Milyen jogai vannak az elj\u00e1r\u00e1sban a t\u00e1rsadalmi-\u00e9s \u00e9rdek-k\u00e9pviseleti szerveknek?<\/strong><br>Az egyenl\u0151 b\u00e1n\u00e1sm\u00f3d k\u00f6vetelm\u00e9ny\u00e9nek megs\u00e9rt\u00e9se miatt indult elj\u00e1r\u00e1sokban a s\u00e9relmet szenvedett f\u00e9l \u00edr\u00e1sbeli meghatalmaz\u00e1sa alapj\u00e1n a k\u00e9pviseleti jogosults\u00e1g\u00e1t alapszab\u00e1llyal vagy alap\u00edt\u00f3 okirattal igazol\u00f3 t\u00e1rsadalmi vagy \u00e9rdek-k\u00e9pviseleti szervek k\u00e9pvisel\u0151k\u00e9nt j\u00e1rhatnak el. Ugyancsak megilletik a szervezeteket az \u00fan. \u00fcgyf\u00e9ljogok (\u00e9rtes\u00edt\u00e9s, iratbetekint\u00e9s, nyilatkozatt\u00e9tel joga).<br>E szervezetek &#8211; k\u00f6z\u00e9rdek\u0171 ig\u00e9ny\u00e9rv\u00e9nyes\u00edt\u00e9s keret\u00e9ben &#8211; az egyenl\u0151 b\u00e1n\u00e1sm\u00f3d k\u00f6vetelm\u00e9ny\u00e9nek megs\u00e9rt\u00e9se miatt b\u00edr\u00f3s\u00e1g el\u0151tt is ind\u00edthatnak szem\u00e9lyis\u00e9gi jogi pert, valamint munka\u00fcgyi pert.<br><br><strong>Van-e jogorvoslat a Hat\u00f3s\u00e1g hat\u00e1rozat\u00e1val szemben?<\/strong><br>K\u00f6zigazgat\u00e1si elj\u00e1r\u00e1s keret\u00e9ben fellebbez\u00e9sre nincs lehet\u0151s\u00e9g, a hat\u00e1rozat ellen b\u00edr\u00f3s\u00e1gi fel\u00fclvizsg\u00e1latnak van helye, mely a F\u0151v\u00e1rosi B\u00edr\u00f3s\u00e1g hat\u00e1sk\u00f6r\u00e9be \u00e9s kiz\u00e1r\u00f3lagos illet\u00e9kess\u00e9g\u00e9be tartozik.<br>Fontos tudni,hogy a hat\u00f3s\u00e1g hat\u00e1rozat\u00e1nak objekt\u00edv m\u00e9rlegel\u00e9sen kell alapulnia, mindig bizony\u00edtottnak kell lennie annak, hogy a s\u00e9relmezett h\u00e1tr\u00e1ny k\u00f6zvetlen \u00f6sszef\u00fcgg\u00e9sben van a k\u00e9relmez\u0151 valamely, a t\u00f6rv\u00e9nyben meghat\u00e1rozott tulajdons\u00e1g\u00e1val.<br>hogy nem jelenti az egyenl\u0151 b\u00e1n\u00e1sm\u00f3d k\u00f6vetelm\u00e9ny\u00e9nek megs\u00e9rt\u00e9s\u00e9t az olyan rendelkez\u00e9s, amely valamely t\u00e1rsadalmi csoport es\u00e9lyegyenl\u0151tlens\u00e9g\u00e9nek felsz\u00e1mol\u00e1s\u00e1ra ir\u00e1nyul (el\u0151nyben r\u00e9szes\u00edt\u00e9s). Ennek azonban t\u00f6rv\u00e9nyen vagy t\u00f6rv\u00e9nyi felhatalmaz\u00e1s alapj\u00e1n kiadott korm\u00e1nyrendeleten, illetve kollekt\u00edv szerz\u0151d\u00e9sen kell alapulnia, \u00e9s hat\u00e1rozott id\u0151re vagy hat\u00e1rozott felt\u00e9tel bek\u00f6vetkezt\u00e9ig sz\u00f3lhat.<br><br>Fel kell h\u00edvni a figyelmet arra is, hogy az egyenl\u0151 b\u00e1n\u00e1sm\u00f3d k\u00f6vetelm\u00e9ny\u00e9nek megs\u00e9rt\u00e9se miatt nem csak az Egyenl\u0151 B\u00e1n\u00e1sm\u00f3d Hat\u00f3s\u00e1g folytathat le elj\u00e1r\u00e1st. Sz\u00e1mos \u00e1gazati t\u00f6rv\u00e9ny ad hat\u00e1sk\u00f6rt m\u00e1s k\u00f6zigazgat\u00e1si szerveknek, pl. munkav\u00e9delmi fel\u00fcgyel\u0151s\u00e9g, fogyaszt\u00f3v\u00e9delmi fel\u00fcgyel\u0151s\u00e9g, szab\u00e1lys\u00e9rt\u00e9si hat\u00f3s\u00e1g, melyek speci\u00e1lis jogk\u00f6vetkezm\u00e9nyeket is alkalmazhatnak jogs\u00e9relem eset\u00e9n.<br><br>Ha az egyenl\u0151 b\u00e1n\u00e1sm\u00f3d k\u00f6vetelm\u00e9ny\u00e9nek megs\u00e9rt\u00e9se miatt a jogs\u00e9relmet szenvedett f\u00e9l vagy a k\u00f6z\u00e9rdek\u0171 ig\u00e9ny\u00e9rv\u00e9nyes\u00edt\u00e9sre jogosult b\u00edr\u00f3s\u00e1g el\u0151tt elj\u00e1r\u00e1st ind\u00edtott, a hat\u00f3s\u00e1gnak az \u00fcgy joger\u0151s elb\u00edr\u00e1l\u00e1s\u00e1ig fel kell f\u00fcggesztenie az el\u0151tte is megind\u00edtott elj\u00e1r\u00e1st. A b\u00edr\u00f3s\u00e1g hat\u00e1rozat\u00e1nak k\u00e9zhezv\u00e9tel\u00e9t k\u00f6vet\u0151en &#8211; ugyanazon t\u00f6rv\u00e9nys\u00e9rt\u00e9s eset\u00e9n &#8211; a b\u00edr\u00f3s\u00e1g d\u00f6nt\u00e9s\u00e9vel azonos tartalm\u00fa d\u00f6nt\u00e9st hoz.<br><br>Ha tov\u00e1bbi inform\u00e1ci\u00f3kra van sz\u00fcks\u00e9ge, k\u00e9rj\u00fck l\u00e1togasson el a hat\u00f3s\u00e1g honlapj\u00e1ra, ahol sz\u00e1mos, a hat\u00f3s\u00e1g \u00e1ltal vizsg\u00e1lt \u00fcgy le\u00edr\u00e1s\u00e1t is olvashatja, valamint k\u00e9relme megfogalmaz\u00e1s\u00e1nak el\u0151seg\u00edt\u00e9se \u00e9rdek\u00e9ben egy let\u00f6lthet\u0151 formanyomtatv\u00e1nyt is tal\u00e1l. A honlapr\u00f3l el\u00e9rhet\u0151 www.antidiszko.hu oldalra kattintva pedig ellen\u0151rizheti, hogy az \u00d6nt \u00e9rt s\u00e9relem kivizsg\u00e1l\u00e1sa nagy val\u00f3sz\u00edn\u0171s\u00e9ggel az EBH hat\u00e1sk\u00f6r\u00e9be tartozik-e.<br><br><strong>A hat\u00f3s\u00e1g el\u00e9rhet\u0151s\u00e9ge:<br>Lev\u00e9lc\u00edm: 1024 Budapest, Margit krt. 85.<br>Telefon: (1) 336 &#8211; 7843 FAX: 336 &#8211; 7445<br>E-mail: ebh@egyenlobanasmod.hu<br>Honlap: www.egyenlobanasmod.hu<\/strong><br><br>Budapest, 2008. szeptember<\/p>\n","protected":false},"excerpt":{"rendered":"<p>Az egyenl\u0151 b\u00e1n\u00e1sm\u00f3d k\u00f6vetelm\u00e9ny\u00e9nek megs\u00e9rt\u00e9se eset\u00e9n a jogaiban s\u00e9rtett f\u00e9l k\u00e9relm\u00e9re, vagy a t\u00f6rv\u00e9nyben meghat\u00e1rozott esetekben hivatalb\u00f3l lefolytatja a hat\u00f3s\u00e1gi elj\u00e1r\u00e1st annak meg\u00e1llap\u00edt\u00e1sa \u00e9rdek\u00e9ben, hogy t\u00f6rt\u00e9nt-e h\u00e1tr\u00e1nyos megk\u00fcl\u00f6nb\u00f6ztet\u00e9s. K\u00e9relem alapj\u00e1n vizsg\u00e1latot folytat, hogy az arra k\u00f6telezett munk\u00e1ltat\u00f3k elfogadtak-e es\u00e9lyegyenl\u0151s\u00e9gi tervet. Ha az arra k\u00f6telezett munk\u00e1ltat\u00f3 (az \u00f6tven f\u0151n\u00e9l t\u00f6bb szem\u00e9lyt foglalkoztat\u00f3 k\u00f6lts\u00e9gvet\u00e9si szervek \u00e9s a&#8230;<\/p>\n","protected":false},"author":1,"featured_media":0,"parent":0,"menu_order":0,"comment_status":"closed","ping_status":"closed","template":"","meta":{"footnotes":""},"class_list":["post-547","page","type-page","status-publish","hentry"],"_links":{"self":[{"href":"https:\/\/nyirlategy.hu\/index.php\/wp-json\/wp\/v2\/pages\/547","targetHints":{"allow":["GET"]}}],"collection":[{"href":"https:\/\/nyirlategy.hu\/index.php\/wp-json\/wp\/v2\/pages"}],"about":[{"href":"https:\/\/nyirlategy.hu\/index.php\/wp-json\/wp\/v2\/types\/page"}],"author":[{"embeddable":true,"href":"https:\/\/nyirlategy.hu\/index.php\/wp-json\/wp\/v2\/users\/1"}],"replies":[{"embeddable":true,"href":"https:\/\/nyirlategy.hu\/index.php\/wp-json\/wp\/v2\/comments?post=547"}],"version-history":[{"count":1,"href":"https:\/\/nyirlategy.hu\/index.php\/wp-json\/wp\/v2\/pages\/547\/revisions"}],"predecessor-version":[{"id":548,"href":"https:\/\/nyirlategy.hu\/index.php\/wp-json\/wp\/v2\/pages\/547\/revisions\/548"}],"wp:attachment":[{"href":"https:\/\/nyirlategy.hu\/index.php\/wp-json\/wp\/v2\/media?parent=547"}],"curies":[{"name":"wp","href":"https:\/\/api.w.org\/{rel}","templated":true}]}}