{"id":569,"date":"2023-09-19T08:21:38","date_gmt":"2023-09-19T08:21:38","guid":{"rendered":"https:\/\/nyirlategy.hu\/?page_id=569"},"modified":"2023-09-21T08:42:51","modified_gmt":"2023-09-21T08:42:51","slug":"kozhasznusagi-jelentes","status":"publish","type":"page","link":"https:\/\/nyirlategy.hu\/index.php\/kozhasznusagi-jelentes\/","title":{"rendered":"K\u00f6zhaszn\u00fas\u00e1gi jelent\u00e9s"},"content":{"rendered":"\n<p>Let\u00f6lt\u00e9shez kattintson a linkre<\/p>\n\n\n\n<ul class=\"wp-block-list\">\n<li><a href=\"\/wp-content\/documents\/2022_kozhasznusagi_beszamolo.pdf\">2022 K\u00f6zhaszn\u00fas\u00e1gi jelent\u00e9s<\/a><\/li>\n\n\n\n<li><a href=\"\/wp-content\/documents\/2021_kozhasznusagi_beszamolo.pdf\">2021 K\u00f6zhaszn\u00fas\u00e1gi jelent\u00e9s<\/a><\/li>\n\n\n\n<li><a href=\"\/wp-content\/documents\/2020_kozhasznusagi_beszamolo.pdf\">2020 K\u00f6zhaszn\u00fas\u00e1gi jelent\u00e9s<\/a><\/li>\n\n\n\n<li><a href=\"\/wp-content\/documents\/2019_kozhasznusagi_beszamolo.pdf\">2019 K\u00f6zhaszn\u00fas\u00e1gi jelent\u00e9s<\/a><\/li>\n\n\n\n<li><a href=\"\/wp-content\/documents\/2018_kozhasznusagi_beszamolo.pdf\">2018 K\u00f6zhaszn\u00fas\u00e1gi jelent\u00e9s<\/a><\/li>\n\n\n\n<li><a href=\"\/wp-content\/documents\/2017_kozhasznusagi_beszamolo.pdf\">2017 K\u00f6zhaszn\u00fas\u00e1gi jelent\u00e9s<\/a><\/li>\n\n\n\n<li><a href=\"\/wp-content\/documents\/2016_kozhasznusagi_beszamolo.pdf\">2016 K\u00f6zhaszn\u00fas\u00e1gi jelent\u00e9s<\/a><\/li>\n<\/ul>\n","protected":false},"excerpt":{"rendered":"<p>Let\u00f6lt\u00e9shez kattintson a linkre<\/p>\n","protected":false},"author":1,"featured_media":0,"parent":0,"menu_order":0,"comment_status":"closed","ping_status":"closed","template":"","meta":{"footnotes":""},"class_list":["post-569","page","type-page","status-publish","hentry"],"_links":{"self":[{"href":"https:\/\/nyirlategy.hu\/index.php\/wp-json\/wp\/v2\/pages\/569","targetHints":{"allow":["GET"]}}],"collection":[{"href":"https:\/\/nyirlategy.hu\/index.php\/wp-json\/wp\/v2\/pages"}],"about":[{"href":"https:\/\/nyirlategy.hu\/index.php\/wp-json\/wp\/v2\/types\/page"}],"author":[{"embeddable":true,"href":"https:\/\/nyirlategy.hu\/index.php\/wp-json\/wp\/v2\/users\/1"}],"replies":[{"embeddable":true,"href":"https:\/\/nyirlategy.hu\/index.php\/wp-json\/wp\/v2\/comments?post=569"}],"version-history":[{"count":6,"href":"https:\/\/nyirlategy.hu\/index.php\/wp-json\/wp\/v2\/pages\/569\/revisions"}],"predecessor-version":[{"id":615,"href":"https:\/\/nyirlategy.hu\/index.php\/wp-json\/wp\/v2\/pages\/569\/revisions\/615"}],"wp:attachment":[{"href":"https:\/\/nyirlategy.hu\/index.php\/wp-json\/wp\/v2\/media?parent=569"}],"curies":[{"name":"wp","href":"https:\/\/api.w.org\/{rel}","templated":true}]}}