{"id":579,"date":"2023-09-19T08:32:17","date_gmt":"2023-09-19T08:32:17","guid":{"rendered":"https:\/\/nyirlategy.hu\/?page_id=579"},"modified":"2023-09-19T08:32:17","modified_gmt":"2023-09-19T08:32:17","slug":"egyenlo-banasmod-referensek-elerhetosege","status":"publish","type":"page","link":"https:\/\/nyirlategy.hu\/index.php\/egyenlo-banasmod-referensek-elerhetosege\/","title":{"rendered":"Egyenl\u0151 b\u00e1n\u00e1sm\u00f3d referensek el\u00e9rhet\u0151s\u00e9ge"},"content":{"rendered":"\n<p>Az al\u00e1bbiakban az egyenl\u0151 b\u00e1n\u00e1sm\u00f3d referensek neve \u00e9s el\u00e9rhet\u0151s\u00e9ge olvashat\u00f3:<\/p>\n\n\n\n<p><strong>Pest megye<\/strong><br>Dr. Bihary L\u00e1szl\u00f3<br>Pest Megyei Es\u00e9lyek H\u00e1za: 2600 V\u00e1c, R\u00e1k\u00f3czi \u00fat 36.; tel: 27\/502-660<br>\u00dcgyf\u00e9lfogad\u00e1s: h\u00e9tf\u0151 16.00-18.00, p\u00e9ntek 8.30-10.30<br><br><strong>Baranya megye<\/strong><br>Dr. Gajda Zolt\u00e1n<br>P\u00e9csi Es\u00e9lyek H\u00e1za: 7621 P\u00e9cs, R\u00e1k\u00f3czi \u00fat 55.; tel: 72\/210-794<br>\u00dcgyf\u00e9lfogad\u00e1s: h\u00e9tf\u0151 14.00-16.00, szerda 13.00-15.00<br><br><strong>Tolna megye<\/strong><br>Dr. Burrat Husam Husein<br>Szeksz\u00e1rdi Es\u00e9lyek H\u00e1za: 7100 Szeksz\u00e1rd, B\u00e9la t\u00e9r 6.; tel: 74\/311-748<br>\u00dcgyf\u00e9lfogad\u00e1s: h\u00e9tf\u0151 09.00-13.00<br><br><strong>Heves megye<\/strong><br>Dr. Luk\u00e1cs Zolt\u00e1n<br>Egri Es\u00e9lyek H\u00e1za: 3300 Eger, Kn\u00e9zich K\u00e1roly u. 8.; tel: 36\/516-253; 36\/516-136<br>\u00dcgyf\u00e9lfogad\u00e1s: cs\u00fct\u00f6rt\u00f6k 13.00-17.00<br><br><strong>Szabolcs-Szatm\u00e1r-Bereg megye<\/strong><br>Vassn\u00e9 dr. Kemecsei Hedvig<br>Ny\u00edregyh\u00e1za, Vakok \u00e9s Gyeng\u00e9nl\u00e1t\u00f3k Sz.-Sz.-B. Megyei Egyes\u00fclete:<br>4400 Ny\u00edregyh\u00e1za, Orsz\u00e1gz\u00e1szl\u00f3 t\u00e9r 8. II\/215-216.; tel: 42\/407-486<br><br><strong>Hajd\u00fa-Bihar megye<\/strong><br>Dr. Jaczkovics Zita<br>Debreceni Es\u00e9lyek H\u00e1za: 4026 Debrecen, Monti ezredes u. 7.; tel: 52\/537-111; 52\/537-112<br>\u00dcgyf\u00e9lfogad\u00e1s: h\u00e9tf\u0151 12.00-16.00<br><br><strong>B\u00e1cs-Kiskun megye<\/strong><br>Dr. T\u00f3th Edina<br>Kecskem\u00e9ti Es\u00e9lyek H\u00e1za: 6000 Kecskem\u00e9t, Bajcsy-Zsilinszky krt. 2.; tel: 76\/403-781<br>\u00dcgyf\u00e9lfogad\u00e1s: szerda 09.00-13.00<br><br><strong>Zala megye<\/strong><br>Dr. Kov\u00e1cs Orsolya<br>Keszthelyi Es\u00e9lyek H\u00e1za: 8360 Keszthely, Szalaszt\u00f3 u. 1.;<br>tel: 83\/511-064<br>\u00dcgyf\u00e9lfogad\u00e1s: kedd 12.00 &#8211; 16.00<br><br><strong>Gy\u0151r-Moson-Sopron megye<\/strong><br>Dr. Dolgos P\u00e9ter<br>Gy\u0151ri Es\u00e9lyek H\u00e1za: 9021 Gy\u0151r, Ap\u00e1ca \u00fat 18.;<br>tel: 96\/528-292<br>\u00dcgyf\u00e9lfogad\u00e1s: h\u00e9tf\u0151 12.00-16.00<br><br><strong>B\u00e9k\u00e9s megye<\/strong><br>Dr. Bodn\u00e1r Be\u00e1ta<br>Battonyai Es\u00e9lyek H\u00e1za: 5830 Battonya, F\u0151 u. 91.; tel: 68\/457-753<br>\u00dcgyf\u00e9lfogad\u00e1s: cs\u00fct\u00f6rt\u00f6k 12.00-16.00<br><br><strong>Csongr\u00e1d megye<\/strong><br>Dr. Kiss \u00c9va<br>Szegedi Es\u00e9lyek H\u00e1za: 6721 Szeged, Eszperant\u00f3 u. 1.; tel: 62\/648-132; 62\/423-638<br>\u00dcgyf\u00e9lfogad\u00e1s: cs\u00fct\u00f6rt\u00f6k 12.00-16.00<br><br><strong>Vas megye<\/strong><br>Dr. J\u00f3j\u00e1rt \u00c1gnes<br>Szombathelyi Es\u00e9lyek H\u00e1za: 9700 Szombathely, Kiskar u. 5.;<br>tel: 94\/317-806<br>\u00dcgyf\u00e9lfogad\u00e1s: h\u00e9tf\u0151 14.00-16.00, szerda 14.00-16.00<br><br><strong>Fej\u00e9r megye<\/strong><br>Dr. K\u00f3r\u00f3di Bal\u00e1zs<br>Sz\u00e9kesfeh\u00e9rv\u00e1ri Es\u00e9lyek H\u00e1za: 8000 Sz\u00e9kesfeh\u00e9rv\u00e1r, Budai u. 90.;<br>tel: 22\/505-986<br>\u00dcgyf\u00e9lfogad\u00e1s: h\u00e9tf\u0151 10.00-12.00, szerda 14.00-16.00<br><br><strong>Veszpr\u00e9m megye<\/strong><br>Dr. F\u00e1bi\u00e1n Alexandra<br>Veszpr\u00e9mi Es\u00e9lyek H\u00e1za: 8200 Veszpr\u00e9m, Kossuth u. 10. I.\/107.;<br>tel: 88\/327-720<br>\u00dcgyf\u00e9lfogad\u00e1s: h\u00e9tf\u0151 12.00-16.00<br><br><strong>Borsod-Aba\u00faj-Zempl\u00e9n megye<\/strong><br>Dr. Hronszky Regina<br>Miskolci Es\u00e9lyek H\u00e1za: 3525 Miskolc,Kir\u00e1ly u.10.; tel: 46\/505-070<br>\u00dcgyf\u00e9lfogad\u00e1s: h\u00e9tf\u0151 13.30-17.30<br><br><strong>N\u00f3gr\u00e1d megye<\/strong><br>Dr. Csonka \u00c1rp\u00e1d<br>Salg\u00f3tarj\u00e1ni Es\u00e9lyek H\u00e1za: 3100 Salg\u00f3tarj\u00e1n, L\u0151wy S\u00e1ndor u. 12-14.;<br>tel: 32\/783-928<br>\u00dcgyf\u00e9lfogad\u00e1s: p\u00e9ntek 10.00-14.00<br><br><strong>J\u00e1sz-Nagykun-Szolnok megye<\/strong><br>Dr. Simonn\u00e9 Korm\u00e1nyos N\u00f3ra<br>Szolnoki Es\u00e9lyek H\u00e1za: 5000 Szolnok, Kossuth L. u. 2., fsz. 73-74., fsz. 51.; tel: 56\/514-947; 56\/511-128<br>\u00dcgyf\u00e9lfogad\u00e1s: h\u00e9tf\u0151 09.00-13.00<br><br><strong>Kom\u00e1rom-Esztergom megye<\/strong><br>Dr. K\u00f3cza J\u00falia<br>Esztergomi Es\u00e9lyek H\u00e1za: 2500 Esztergom, Pet\u0151fi S. u. 21.;<br>tel: 33\/501-735<br>\u00dcgyf\u00e9lfogad\u00e1s: kedd 09.00-13.00<br><br><strong>Somogy megye<\/strong><br>Dr. Duenas-Berd\u00e1r Val\u00e9ria<br>Kaposv\u00e1ri Es\u00e9lyek H\u00e1za: 7400 Kaposv\u00e1r, Csokonai u. 3.;<br>tel: 82\/508-100 245-\u00f6s, 250, 262 mell\u00e9k<br>\u00dcgyf\u00e9lfogad\u00e1s: h\u00e9tf\u0151 14.00-16.00, p\u00e9ntek 10.00-12.00<br><br><strong>Budapest<\/strong><br>Es\u00e9lyek h\u00e1za jogseg\u00e9lyszolg\u00e1lat: Dr. Baki \u00c1gnes<br>1076 Budapest, Wessel\u00e9nyi u. 17.<br>I. em.; tel: 1\/461-0655, 1\/461-0656<br>\u00dcgyf\u00e9lfogad\u00e1s: kedd 15.00-18.00, p\u00e9ntek 9.00-12.00<br>Egyenl\u0151 B\u00e1n\u00e1sm\u00f3d Hat\u00f3s\u00e1g: Dr. Cs\u00f3k\u00e1s Erna<br>1024 Budapest, Margit k\u00f6r\u00fat 85. VII. emelet. El\u0151zetes telefonos bejelentkez\u00e9s a Titk\u00e1rs\u00e1gon: 1\/336-7843<br>\u00dcgyf\u00e9lfogad\u00e1s: h\u00e9tf\u0151 14.00-17.00, szerda 12.30-16.30, p\u00e9ntek 8.00-12.00<br><br>Az esetleges v\u00e1ltoz\u00e1sok azonnal \u00e1tvezet\u00e9sre ker\u00fclnek az Egyenl\u0151 B\u00e1n\u00e1sm\u00f3d Hat\u00f3s\u00e1g honlapj\u00e1n&nbsp;<a href=\"https:\/\/web.archive.org\/web\/20220401073237\/http:\/\/www.egyenlobanasmod.hu\/\">www.egyenlobanasmod.hu<\/a><\/p>\n","protected":false},"excerpt":{"rendered":"<p>Az al\u00e1bbiakban az egyenl\u0151 b\u00e1n\u00e1sm\u00f3d referensek neve \u00e9s el\u00e9rhet\u0151s\u00e9ge olvashat\u00f3: Pest megyeDr. Bihary L\u00e1szl\u00f3Pest Megyei Es\u00e9lyek H\u00e1za: 2600 V\u00e1c, R\u00e1k\u00f3czi \u00fat 36.; tel: 27\/502-660\u00dcgyf\u00e9lfogad\u00e1s: h\u00e9tf\u0151 16.00-18.00, p\u00e9ntek 8.30-10.30 Baranya megyeDr. Gajda Zolt\u00e1nP\u00e9csi Es\u00e9lyek H\u00e1za: 7621 P\u00e9cs, R\u00e1k\u00f3czi \u00fat 55.; tel: 72\/210-794\u00dcgyf\u00e9lfogad\u00e1s: h\u00e9tf\u0151 14.00-16.00, szerda 13.00-15.00 Tolna megyeDr. Burrat Husam HuseinSzeksz\u00e1rdi Es\u00e9lyek H\u00e1za: 7100 Szeksz\u00e1rd, B\u00e9la&#8230;<\/p>\n","protected":false},"author":1,"featured_media":0,"parent":0,"menu_order":0,"comment_status":"closed","ping_status":"closed","template":"","meta":{"footnotes":""},"class_list":["post-579","page","type-page","status-publish","hentry"],"_links":{"self":[{"href":"https:\/\/nyirlategy.hu\/index.php\/wp-json\/wp\/v2\/pages\/579","targetHints":{"allow":["GET"]}}],"collection":[{"href":"https:\/\/nyirlategy.hu\/index.php\/wp-json\/wp\/v2\/pages"}],"about":[{"href":"https:\/\/nyirlategy.hu\/index.php\/wp-json\/wp\/v2\/types\/page"}],"author":[{"embeddable":true,"href":"https:\/\/nyirlategy.hu\/index.php\/wp-json\/wp\/v2\/users\/1"}],"replies":[{"embeddable":true,"href":"https:\/\/nyirlategy.hu\/index.php\/wp-json\/wp\/v2\/comments?post=579"}],"version-history":[{"count":1,"href":"https:\/\/nyirlategy.hu\/index.php\/wp-json\/wp\/v2\/pages\/579\/revisions"}],"predecessor-version":[{"id":580,"href":"https:\/\/nyirlategy.hu\/index.php\/wp-json\/wp\/v2\/pages\/579\/revisions\/580"}],"wp:attachment":[{"href":"https:\/\/nyirlategy.hu\/index.php\/wp-json\/wp\/v2\/media?parent=579"}],"curies":[{"name":"wp","href":"https:\/\/api.w.org\/{rel}","templated":true}]}}