{"id":583,"date":"2023-09-19T08:37:18","date_gmt":"2023-09-19T08:37:18","guid":{"rendered":"https:\/\/nyirlategy.hu\/?page_id=583"},"modified":"2023-09-19T08:37:18","modified_gmt":"2023-09-19T08:37:18","slug":"moricz-zsigmond-megyei-es-varosi-konyvtar","status":"publish","type":"page","link":"https:\/\/nyirlategy.hu\/index.php\/moricz-zsigmond-megyei-es-varosi-konyvtar\/","title":{"rendered":"M\u00f3ricz Zsigmond megyei \u00e9s v\u00e1rosi k\u00f6nyvt\u00e1r"},"content":{"rendered":"\n<p>K\u00f6nyvt\u00e1runk m\u00e9diat\u00e1ra tematikus k\u00fcl\u00f6ngy\u0171jtem\u00e9ny, a zen\u00e9vel kapcsolatos \u00f6sszes dokumentum itt tal\u00e1lhat\u00f3: zenei szakk\u00f6nyvek, foly\u00f3iratok, zenem\u0171vek (kotta, partit\u00fara), vagy k\u00fcl\u00f6nb\u00f6z\u0151 m\u0171faj\u00fa, t\u00edpus\u00fa hangfelv\u00e9telek \u00e9s elektronikus adathordoz\u00f3k.<\/p>\n\n\n\n<p><img decoding=\"async\" src=\"https:\/\/web.archive.org\/web\/20160411013321im_\/http:\/\/nyirlategy.hu\/images\/stories\/hirek\/moricz_zsigmond_konyvtar.jpg\" alt=\"M\u00f3ricz Zsigmond megyei \u00e9s v\u00e1rosi k\u00f6nyvt\u00e1r\">\u00a0<strong>Szolg\u00e1ltat\u00e1saink:<\/strong><br>T\u00e1j\u00e9koztat\u00e1s ny\u00fajtunk r\u00e9szleg\u00fcnk dokumentumair\u00f3l, haszn\u00e1latuk felt\u00e9teleir\u0151l (telefonon is)<\/p>\n\n\n\n<ul class=\"wp-block-list\">\n<li>A k\u00fcl\u00f6nf\u00e9le dokumentumok helyben haszn\u00e1lata<\/li>\n\n\n\n<li>Zenehallgat\u00e1shoz a legkorszer\u0171bb technikai biztos\u00edt\u00e1sa<\/li>\n\n\n\n<li>K\u00f6nyvt\u00e1rk\u00f6zi k\u00f6lcs\u00f6nz\u00e9s<\/li>\n\n\n\n<li>F\u00e9nym\u00e1sol\u00e1s, nyomtat\u00e1s<\/li>\n\n\n\n<li>Irodalomkutat\u00e1s, adatkeres\u00e9s, zenei jelleg\u0171 k\u00e9rd\u00e9sek megold\u00e1sa<\/li>\n\n\n\n<li>M\u0171sor\u00f6ssze\u00e1ll\u00edt\u00e1s<\/li>\n\n\n\n<li><a>Hangosk\u00f6nyvek list\u00e1ja (pdf)<\/a><\/li>\n<\/ul>\n\n\n\n<p><br><strong>Hangst\u00fadi\u00f3nk szolg\u00e1ltat\u00e1sai:<\/strong><\/p>\n\n\n\n<ul class=\"wp-block-list\">\n<li>Hangfelv\u00e9tel k\u00e9sz\u00edt\u00e9se<\/li>\n\n\n\n<li>Hanganyag \u00f6ssze\u00e1ll\u00edt\u00e1sa, v\u00e1g\u00e1sa, digitaliz\u00e1l\u00e1sa<\/li>\n<\/ul>\n\n\n\n<p><strong>Videost\u00fadi\u00f3nk szolg\u00e1ltat\u00e1sai:<\/strong><\/p>\n\n\n\n<ul class=\"wp-block-list\">\n<li>Videofelv\u00e9tel k\u00e9sz\u00edt\u00e9se<\/li>\n\n\n\n<li>VHS-felv\u00e9tel digitaliz\u00e1l\u00e1sa, DVD-re \u00edr\u00e1sa<\/li>\n\n\n\n<li>VHS-felv\u00e9tel m\u00e1sol\u00e1sa VHS-re<\/li>\n\n\n\n<li>Videofelv\u00e9tel digit\u00e1lis v\u00e1g\u00e1sa, feliratoz\u00e1sa<\/li>\n\n\n\n<li>Hang- \u00e9s videofelv\u00e9telek m\u00e1sol\u00e1sa eset\u00e9n csak saj\u00e1t (szerz\u0151jogilag nem v\u00e9dett) tartalmak m\u00e1sol\u00e1s\u00e1t v\u00e1llaljuk!<\/li>\n<\/ul>\n","protected":false},"excerpt":{"rendered":"<p>K\u00f6nyvt\u00e1runk m\u00e9diat\u00e1ra tematikus k\u00fcl\u00f6ngy\u0171jtem\u00e9ny, a zen\u00e9vel kapcsolatos \u00f6sszes dokumentum itt tal\u00e1lhat\u00f3: zenei szakk\u00f6nyvek, foly\u00f3iratok, zenem\u0171vek (kotta, partit\u00fara), vagy k\u00fcl\u00f6nb\u00f6z\u0151 m\u0171faj\u00fa, t\u00edpus\u00fa hangfelv\u00e9telek \u00e9s elektronikus adathordoz\u00f3k. \u00a0Szolg\u00e1ltat\u00e1saink:T\u00e1j\u00e9koztat\u00e1s ny\u00fajtunk r\u00e9szleg\u00fcnk dokumentumair\u00f3l, haszn\u00e1latuk felt\u00e9teleir\u0151l (telefonon is) Hangst\u00fadi\u00f3nk szolg\u00e1ltat\u00e1sai: Videost\u00fadi\u00f3nk szolg\u00e1ltat\u00e1sai:<\/p>\n","protected":false},"author":1,"featured_media":0,"parent":0,"menu_order":0,"comment_status":"closed","ping_status":"closed","template":"","meta":{"footnotes":""},"class_list":["post-583","page","type-page","status-publish","hentry"],"_links":{"self":[{"href":"https:\/\/nyirlategy.hu\/index.php\/wp-json\/wp\/v2\/pages\/583","targetHints":{"allow":["GET"]}}],"collection":[{"href":"https:\/\/nyirlategy.hu\/index.php\/wp-json\/wp\/v2\/pages"}],"about":[{"href":"https:\/\/nyirlategy.hu\/index.php\/wp-json\/wp\/v2\/types\/page"}],"author":[{"embeddable":true,"href":"https:\/\/nyirlategy.hu\/index.php\/wp-json\/wp\/v2\/users\/1"}],"replies":[{"embeddable":true,"href":"https:\/\/nyirlategy.hu\/index.php\/wp-json\/wp\/v2\/comments?post=583"}],"version-history":[{"count":1,"href":"https:\/\/nyirlategy.hu\/index.php\/wp-json\/wp\/v2\/pages\/583\/revisions"}],"predecessor-version":[{"id":584,"href":"https:\/\/nyirlategy.hu\/index.php\/wp-json\/wp\/v2\/pages\/583\/revisions\/584"}],"wp:attachment":[{"href":"https:\/\/nyirlategy.hu\/index.php\/wp-json\/wp\/v2\/media?parent=583"}],"curies":[{"name":"wp","href":"https:\/\/api.w.org\/{rel}","templated":true}]}}