{"id":596,"date":"2023-09-20T13:07:11","date_gmt":"2023-09-20T13:07:11","guid":{"rendered":"https:\/\/nyirlategy.hu\/?page_id=596"},"modified":"2023-09-20T13:13:50","modified_gmt":"2023-09-20T13:13:50","slug":"kapcsolat","status":"publish","type":"page","link":"https:\/\/nyirlategy.hu\/index.php\/kapcsolat\/","title":{"rendered":"Kapcsolat"},"content":{"rendered":"\n<p>Ny\u00edrs\u00e9gi L\u00e1t\u00e1ss\u00e9r\u00fcltek Egyes\u00fclete<br>4400 Ny\u00edregyh\u00e1za, Bercs\u00e9nyi \u00fat 4.<br>Telefon: 42\/504-053<br>E-mail c\u00edm: info@nyirlategy.hu<br>\u00dcgyf\u00e9lfogad\u00e1s: h\u00e9tf\u0151- szerda 8-12 \u00f3ra k\u00f6z\u00f6tt.<\/p>\n\n\n\n<p><strong>        <div id=\"simpleMap\" style=\"overflow:hidden; width:40; margin:0 auto; position: relative;\">\r\n        <div class=\"fluid-width-video-wrapper\" style=\"padding-top:1px !important;\">\r\n            <iframe \r\n                src=\"https:\/\/maps.google.com\/maps?q=47.95628,21.71468&hl=en;z=14&amp;output=embed\"\r\n                width=\"100%\"\r\n                frameborder=\"0\"\r\n                title=\"Our Location in google map\"\r\n                style=\"height:400px; width:100%;  padding:0 !important;\"\r\n                allowfullscreen=\"\"\r\n                >\r\n            <\/iframe>\r\n        <\/div>\r\n            <\/div>\r\n    <\/strong><\/p>\n","protected":false},"excerpt":{"rendered":"<p>Ny\u00edrs\u00e9gi L\u00e1t\u00e1ss\u00e9r\u00fcltek Egyes\u00fclete4400 Ny\u00edregyh\u00e1za, Bercs\u00e9nyi \u00fat 4.Telefon: 42\/504-053E-mail c\u00edm: info@nyirlategy.hu\u00dcgyf\u00e9lfogad\u00e1s: h\u00e9tf\u0151- szerda 8-12 \u00f3ra k\u00f6z\u00f6tt.<\/p>\n","protected":false},"author":1,"featured_media":0,"parent":0,"menu_order":0,"comment_status":"closed","ping_status":"closed","template":"","meta":{"footnotes":""},"class_list":["post-596","page","type-page","status-publish","hentry"],"_links":{"self":[{"href":"https:\/\/nyirlategy.hu\/index.php\/wp-json\/wp\/v2\/pages\/596","targetHints":{"allow":["GET"]}}],"collection":[{"href":"https:\/\/nyirlategy.hu\/index.php\/wp-json\/wp\/v2\/pages"}],"about":[{"href":"https:\/\/nyirlategy.hu\/index.php\/wp-json\/wp\/v2\/types\/page"}],"author":[{"embeddable":true,"href":"https:\/\/nyirlategy.hu\/index.php\/wp-json\/wp\/v2\/users\/1"}],"replies":[{"embeddable":true,"href":"https:\/\/nyirlategy.hu\/index.php\/wp-json\/wp\/v2\/comments?post=596"}],"version-history":[{"count":4,"href":"https:\/\/nyirlategy.hu\/index.php\/wp-json\/wp\/v2\/pages\/596\/revisions"}],"predecessor-version":[{"id":601,"href":"https:\/\/nyirlategy.hu\/index.php\/wp-json\/wp\/v2\/pages\/596\/revisions\/601"}],"wp:attachment":[{"href":"https:\/\/nyirlategy.hu\/index.php\/wp-json\/wp\/v2\/media?parent=596"}],"curies":[{"name":"wp","href":"https:\/\/api.w.org\/{rel}","templated":true}]}}